{"id":8866,"date":"2023-04-24T08:25:32","date_gmt":"2023-04-24T08:25:32","guid":{"rendered":"http:\/\/sjd.onenprodev.com\/programa-de-proteccion-internacional\/"},"modified":"2023-04-26T07:07:28","modified_gmt":"2023-04-26T07:07:28","slug":"nazioarteko-babes-programa","status":"publish","type":"page","link":"http:\/\/sjd.onenprodev.com\/eu\/nazioarteko-babes-programa\/","title":{"rendered":"Nazioarteko Babes Programa"},"content":{"rendered":"<section class=\"wpb-content-wrapper\"><p>[vc_row type=&#8221;full-width&#8221;][vc_column][vc_single_image image=&#8221;7612&#8243; img_size=&#8221;full&#8221;][\/vc_column][\/vc_row][vc_row css=&#8221;.vc_custom_1677837443954{padding-top: 3% !important;padding-bottom: 2% !important;}&#8221;][vc_column]<h1 class=\"box-header blue large main-title no-border\">Nazioarteko Babes Programa<\/h1><h2 class=\"box-header blue large borde-blue main-subtitle\">Acogida e Itinerarios Personalizados de Integraci\u00f3n de refugiados-as desde la OHSJD<\/h2>[vc_column_text]<\/p>\n<p style=\"font-weight: 400;\"><span style=\"color: #1b81a5;\">Destinatarios (perfil): Personas y familias en situaci\u00f3n de vulnerabilidad acompa\u00f1adas desde el programa de Acogida de Protecci\u00f3n internacional en Espa\u00f1a. Objetivos operativos Facilitar la acogida y preparaci\u00f3n para la autonom\u00eda de personas y familias beneficiarias y\/o solicitantes de Protecci\u00f3n Internacional a partir del desarrollo de un proceso de acompa\u00f1amiento integral con acciones para promover su adaptaci\u00f3n al nuevo entorno y para garantizar el acceso a sus derechos. Acciones previstas Acceso a servicios de acogida temporal (alojamiento, manutenci\u00f3n, atenci\u00f3n sanitaria y educaci\u00f3n) y desarrollo de Itinerarios Personalizados de Integraci\u00f3n para facilitar su adaptaci\u00f3n, inclusi\u00f3n social y convivencia en el nuevo territorio. De manera transversal recibir\u00e1n atenci\u00f3n jur\u00eddica, psicosocial, inmersi\u00f3n ling\u00fc\u00edstica y cultural; traducci\u00f3n e interpretaci\u00f3n y ayudas econ\u00f3micas seg\u00fan sus necesidades.<\/span><\/p>\n<p>[\/vc_column_text][\/vc_column][\/vc_row][vc_row css=&#8221;.vc_custom_1679648243615{padding-bottom: 3% !important;}&#8221;][vc_column][vc_single_image image=&#8221;8825&#8243; img_size=&#8221;medium&#8221; alignment=&#8221;center&#8221;][vc_column_text css=&#8221;.vc_custom_1682324931124{padding-top: 2% !important;}&#8221;]<\/p>\n<p class=\"no-justify\" style=\"text-align: center;\"><span style=\"color: #157fa6;\">PROGRAMA CONCERTADO CON EL MINISTERIO DE INCLUSI\u00d3N, SEGURIDAD SOCIAL Y MIGRACIONES<\/span><\/p>\n<p>[\/vc_column_text][\/vc_column][\/vc_row]<\/p>\n<\/section>","protected":false},"excerpt":{"rendered":"<p>[vc_row type=&#8221;full-width&#8221;][vc_column][vc_single_image image=&#8221;7612&#8243; img_size=&#8221;full&#8221;][\/vc_column][\/vc_row][vc_row css=&#8221;.vc_custom_1677837443954{padding-top: 3% !important;padding-bottom: 2% !important;}&#8221;][vc_column][vc_column_text] Destinatarios (perfil): Personas y familias en situaci\u00f3n de vulnerabilidad acompa\u00f1adas desde el programa de Acogida de Protecci\u00f3n internacional en Espa\u00f1a. Objetivos operativos Facilitar la acogida y preparaci\u00f3n para la autonom\u00eda de personas y familias beneficiarias y\/o solicitantes de Protecci\u00f3n Internacional a partir del desarrollo de un<\/p>\n","protected":false},"author":1,"featured_media":0,"parent":0,"menu_order":0,"comment_status":"closed","ping_status":"closed","template":"template-default-without-breadcrumbs.php","meta":{"footnotes":""},"class_list":["post-8866","page","type-page","status-publish","hentry"],"yoast_head":"<!-- This site is optimized with the Yoast SEO plugin v27.5 - https:\/\/yoast.com\/product\/yoast-seo-wordpress\/ -->\n<title>Nazioarteko Babes Programa - Gipuzkoako San Juan de Dios Ospitalea<\/title>\n<meta name=\"robots\" content=\"noindex, nofollow\" \/>\n<meta property=\"og:locale\" content=\"eu_ES\" \/>\n<meta property=\"og:type\" content=\"article\" \/>\n<meta property=\"og:title\" content=\"Nazioarteko Babes Programa - Gipuzkoako San Juan de Dios Ospitalea\" \/>\n<meta property=\"og:description\" content=\"[vc_row type=&#8221;full-width&#8221;][vc_column][vc_single_image image=&#8221;7612&#8243; img_size=&#8221;full&#8221;][\/vc_column][\/vc_row][vc_row css=&#8221;.vc_custom_1677837443954{padding-top: 3% !important;padding-bottom: 2% !important;}&#8221;][vc_column][vc_column_text] Destinatarios (perfil): Personas y familias en situaci\u00f3n de vulnerabilidad acompa\u00f1adas desde el programa de Acogida de Protecci\u00f3n internacional en Espa\u00f1a. Objetivos operativos Facilitar la acogida y preparaci\u00f3n para la autonom\u00eda de personas y familias beneficiarias y\/o solicitantes de Protecci\u00f3n Internacional a partir del desarrollo de un\" \/>\n<meta property=\"og:url\" content=\"http:\/\/sjd.onenprodev.com\/eu\/nazioarteko-babes-programa\/\" \/>\n<meta property=\"og:site_name\" content=\"Gipuzkoako San Juan de Dios Ospitalea\" \/>\n<meta property=\"article:modified_time\" content=\"2023-04-26T07:07:28+00:00\" \/>\n<meta name=\"twitter:card\" content=\"summary_large_image\" \/>\n<meta name=\"twitter:label1\" content=\"Est. reading time\" \/>\n\t<meta name=\"twitter:data1\" content=\"1 minute\" \/>\n<!-- \/ Yoast SEO plugin. -->","yoast_head_json":{"title":"Nazioarteko Babes Programa - Gipuzkoako San Juan de Dios Ospitalea","robots":{"index":"noindex","follow":"nofollow"},"og_locale":"eu_ES","og_type":"article","og_title":"Nazioarteko Babes Programa - Gipuzkoako San Juan de Dios Ospitalea","og_description":"[vc_row type=&#8221;full-width&#8221;][vc_column][vc_single_image image=&#8221;7612&#8243; img_size=&#8221;full&#8221;][\/vc_column][\/vc_row][vc_row css=&#8221;.vc_custom_1677837443954{padding-top: 3% !important;padding-bottom: 2% !important;}&#8221;][vc_column][vc_column_text] Destinatarios (perfil): Personas y familias en situaci\u00f3n de vulnerabilidad acompa\u00f1adas desde el programa de Acogida de Protecci\u00f3n internacional en Espa\u00f1a. Objetivos operativos Facilitar la acogida y preparaci\u00f3n para la autonom\u00eda de personas y familias beneficiarias y\/o solicitantes de Protecci\u00f3n Internacional a partir del desarrollo de un","og_url":"http:\/\/sjd.onenprodev.com\/eu\/nazioarteko-babes-programa\/","og_site_name":"Gipuzkoako San Juan de Dios Ospitalea","article_modified_time":"2023-04-26T07:07:28+00:00","twitter_card":"summary_large_image","twitter_misc":{"Est. reading time":"1 minute"},"schema":{"@context":"https:\/\/schema.org","@graph":[{"@type":"WebPage","@id":"http:\/\/sjd.onenprodev.com\/eu\/nazioarteko-babes-programa\/","url":"http:\/\/sjd.onenprodev.com\/eu\/nazioarteko-babes-programa\/","name":"Nazioarteko Babes Programa - Gipuzkoako San Juan de Dios Ospitalea","isPartOf":{"@id":"https:\/\/sjd.onenprodev.com\/#website"},"datePublished":"2023-04-24T08:25:32+00:00","dateModified":"2023-04-26T07:07:28+00:00","breadcrumb":{"@id":"http:\/\/sjd.onenprodev.com\/eu\/nazioarteko-babes-programa\/#breadcrumb"},"inLanguage":"eu-ES","potentialAction":[{"@type":"ReadAction","target":["http:\/\/sjd.onenprodev.com\/eu\/nazioarteko-babes-programa\/"]}]},{"@type":"BreadcrumbList","@id":"http:\/\/sjd.onenprodev.com\/eu\/nazioarteko-babes-programa\/#breadcrumb","itemListElement":[{"@type":"ListItem","position":1,"name":"Portada","item":"https:\/\/sjd.onenprodev.com\/eu\/"},{"@type":"ListItem","position":2,"name":"Nazioarteko Babes Programa"}]},{"@type":"WebSite","@id":"https:\/\/sjd.onenprodev.com\/#website","url":"https:\/\/sjd.onenprodev.com\/","name":"Hospital San Juan de Dios de Gipuzkoa","description":"Gipuzkoako San Juan de Dios Ospitalea","publisher":{"@id":"https:\/\/sjd.onenprodev.com\/#organization"},"potentialAction":[{"@type":"SearchAction","target":{"@type":"EntryPoint","urlTemplate":"https:\/\/sjd.onenprodev.com\/?s={search_term_string}"},"query-input":{"@type":"PropertyValueSpecification","valueRequired":true,"valueName":"search_term_string"}}],"inLanguage":"eu-ES"},{"@type":"Organization","@id":"https:\/\/sjd.onenprodev.com\/#organization","name":"Gipuzkoako San Juan de Dios Ospitalea","url":"https:\/\/sjd.onenprodev.com\/","logo":{"@type":"ImageObject","inLanguage":"eu-ES","@id":"https:\/\/sjd.onenprodev.com\/#\/schema\/logo\/image\/","url":"http:\/\/sjd.onenprodev.com\/wp-content\/uploads\/2023\/04\/sanjuandediosgipuzkoa-1.png","contentUrl":"http:\/\/sjd.onenprodev.com\/wp-content\/uploads\/2023\/04\/sanjuandediosgipuzkoa-1.png","width":927,"height":341,"caption":"Gipuzkoako San Juan de Dios Ospitalea"},"image":{"@id":"https:\/\/sjd.onenprodev.com\/#\/schema\/logo\/image\/"}}]}},"_links":{"self":[{"href":"http:\/\/sjd.onenprodev.com\/eu\/wp-json\/wp\/v2\/pages\/8866","targetHints":{"allow":["GET"]}}],"collection":[{"href":"http:\/\/sjd.onenprodev.com\/eu\/wp-json\/wp\/v2\/pages"}],"about":[{"href":"http:\/\/sjd.onenprodev.com\/eu\/wp-json\/wp\/v2\/types\/page"}],"author":[{"embeddable":true,"href":"http:\/\/sjd.onenprodev.com\/eu\/wp-json\/wp\/v2\/users\/1"}],"replies":[{"embeddable":true,"href":"http:\/\/sjd.onenprodev.com\/eu\/wp-json\/wp\/v2\/comments?post=8866"}],"version-history":[{"count":2,"href":"http:\/\/sjd.onenprodev.com\/eu\/wp-json\/wp\/v2\/pages\/8866\/revisions"}],"predecessor-version":[{"id":8868,"href":"http:\/\/sjd.onenprodev.com\/eu\/wp-json\/wp\/v2\/pages\/8866\/revisions\/8868"}],"wp:attachment":[{"href":"http:\/\/sjd.onenprodev.com\/eu\/wp-json\/wp\/v2\/media?parent=8866"}],"curies":[{"name":"wp","href":"https:\/\/api.w.org\/{rel}","templated":true}]}}